{"id":18618,"date":"2020-06-03T14:05:35","date_gmt":"2020-06-03T14:05:35","guid":{"rendered":"http:\/\/demo-install.wpestate.org\/?page_id=18618"},"modified":"2026-04-15T12:57:48","modified_gmt":"2026-04-15T10:57:48","slug":"homepage-5","status":"publish","type":"page","link":"https:\/\/laspeoniascasarural.es\/","title":{"rendered":"Homepage"},"content":{"rendered":"\t\t<div data-elementor-type=\"wp-page\" data-elementor-id=\"18618\" class=\"elementor elementor-18618\">\n\t\t\t\t<div class=\"elementor-element elementor-element-3e34bac e-flex e-con-boxed e-con e-parent\" data-id=\"3e34bac\" data-element_type=\"container\" data-e-type=\"container\" data-settings=\"{&quot;background_background&quot;:&quot;classic&quot;}\">\n\t\t\t\t\t<div class=\"e-con-inner\">\n\t\t<div class=\"elementor-element elementor-element-703eea9 e-con-full e-flex e-con e-child\" data-id=\"703eea9\" data-element_type=\"container\" data-e-type=\"container\" data-settings=\"{&quot;background_background&quot;:&quot;classic&quot;}\">\n\t\t<div class=\"elementor-element elementor-element-4b44220 e-con-full e-flex e-con e-child\" data-id=\"4b44220\" data-element_type=\"container\" data-e-type=\"container\" data-settings=\"{&quot;background_background&quot;:&quot;classic&quot;}\">\n\t\t\t\t<div class=\"elementor-element elementor-element-f1a0219 elementor-widget elementor-widget-heading\" data-id=\"f1a0219\" data-element_type=\"widget\" data-e-type=\"widget\" data-widget_type=\"heading.default\">\n\t\t\t\t\t<h1 class=\"elementor-heading-title elementor-size-default\">Casa rural <br> Las Peon\u00edas<\/h1>\t\t\t\t<\/div>\n\t\t\t\t<\/div>\n\t\t\t\t<\/div>\n\t\t\t\t\t<\/div>\n\t\t\t\t<\/div>\n\t\t<div class=\"elementor-element elementor-element-079f126 e-flex e-con-boxed e-con e-parent\" data-id=\"079f126\" data-element_type=\"container\" data-e-type=\"container\">\n\t\t\t\t\t<div class=\"e-con-inner\">\n\t\t<div class=\"elementor-element elementor-element-1a7f8a7 e-con-full e-flex e-con e-child\" data-id=\"1a7f8a7\" data-element_type=\"container\" data-e-type=\"container\">\n\t\t\t\t<div class=\"elementor-element elementor-element-4863382 elementor-widget__width-inherit elementor-widget elementor-widget-heading\" data-id=\"4863382\" data-element_type=\"widget\" data-e-type=\"widget\" data-widget_type=\"heading.default\">\n\t\t\t\t\t<h4 class=\"elementor-heading-title elementor-size-default\">Bienvenidos a Casa Rural Las Peon\u00edas, un refugio de tranquilidad en plena\nnaturaleza donde el tiempo se detiene y cada detalle invita a descansar<\/h4>\t\t\t\t<\/div>\n\t\t\t\t<\/div>\n\t\t\t\t<div class=\"elementor-element elementor-element-c89707e elementor-widget-divider--view-line elementor-widget elementor-widget-divider\" data-id=\"c89707e\" data-element_type=\"widget\" data-e-type=\"widget\" data-widget_type=\"divider.default\">\n\t\t\t\t\t\t\t<div class=\"elementor-divider\">\n\t\t\t<span class=\"elementor-divider-separator\">\n\t\t\t\t\t\t<\/span>\n\t\t<\/div>\n\t\t\t\t\t\t<\/div>\n\t\t\t\t<div class=\"elementor-element elementor-element-4750163 elementor-widget-divider--view-line elementor-widget elementor-widget-divider\" data-id=\"4750163\" data-element_type=\"widget\" data-e-type=\"widget\" data-widget_type=\"divider.default\">\n\t\t\t\t\t\t\t<div class=\"elementor-divider\">\n\t\t\t<span class=\"elementor-divider-separator\">\n\t\t\t\t\t\t<\/span>\n\t\t<\/div>\n\t\t\t\t\t\t<\/div>\n\t\t\t\t<div class=\"elementor-element elementor-element-23730de elementor-widget-divider--view-line elementor-widget elementor-widget-divider\" data-id=\"23730de\" data-element_type=\"widget\" data-e-type=\"widget\" data-widget_type=\"divider.default\">\n\t\t\t\t\t\t\t<div class=\"elementor-divider\">\n\t\t\t<span class=\"elementor-divider-separator\">\n\t\t\t\t\t\t<\/span>\n\t\t<\/div>\n\t\t\t\t\t\t<\/div>\n\t\t\t\t<div class=\"elementor-element elementor-element-9974138 elementor-widget elementor-widget-heading\" data-id=\"9974138\" data-element_type=\"widget\" data-e-type=\"widget\" data-widget_type=\"heading.default\">\n\t\t\t\t\t<h2 class=\"elementor-heading-title elementor-size-default\">Apartamentos rurales<\/h2>\t\t\t\t<\/div>\n\t\t\t\t\t<\/div>\n\t\t\t\t<\/div>\n\t\t<div class=\"elementor-element elementor-element-c52fad1 e-flex e-con-boxed e-con e-parent\" data-id=\"c52fad1\" data-element_type=\"container\" data-e-type=\"container\">\n\t\t\t\t\t<div class=\"e-con-inner\">\n\t\t\t\t<div class=\"elementor-element elementor-element-adbbb7d elementor-invisible elementor-widget elementor-widget-Wpresidence_Properties_Top_Bar\" data-id=\"adbbb7d\" data-element_type=\"widget\" data-e-type=\"widget\" data-settings=\"{&quot;_animation&quot;:&quot;fadeIn&quot;}\" data-widget_type=\"Wpresidence_Properties_Top_Bar.default\">\n\t\t\t\t<div class=\"elementor-widget-container\">\n\t\t\t\t\t<div id=\"wpestate_sh_anime_381\" class=\"wpresidence_shortcode_listings_wrapper wpestate_anime wpestate_latest_listings_sh bottom-estate_property \" data-type=\"estate_property\" data-category_ids=\"\" data-action_ids=\"\" data-city_ids=\"\"  data-area_ids=\"\" data-state_ids=\"\" data-status_ids=\"\" data-features_ids=\"\" data-number=\"4\" data-row-number=\"2\" data-card-version=\"\" data-align=\"vertical\" data-show_featured_only=\"no\" data-random_pick=\"no\" data-featured_first=\"no\" data-sort-by=\"4\" \n        data-display-grid=\"\" data-agent-id=\"\" data-topbar_select_model=\"multiple\"   data-page=\"1\"><div class=\"control_tax_wrapper\"><div class=\"control_tax_sh \" data-taxid=\"52\" data-taxonomy=\"property_area_agent\"><\/div><\/div><div class=\"items_shortcode_wrapper row\" data-row-number=\"2\">\n<div class=\"col-lg-6 col-12 col-sm-6 col-md-6    listing_wrapper \"\n    data-org=\"6\"\n    data-main-modal=\"https:\/\/laspeoniascasarural.es\/wp-content\/uploads\/2026\/03\/20240518_125513-3-835x467.jpg\"\n    data-modal-title=\"\ud83c\udf3f La Jara \u2013 Apartamento para 2 personas\"\n    data-modal-link=\"https:\/\/laspeoniascasarural.es\/?estate_property=la-jara\"\n    data-listid=\"27467\">\n\n    <div class=\"property_listing property_card_default \"\n        data-link=\"\">\n\n                    <div class=\"listing-unit-img-wrapper\">\n                <div class=\"prop_new_details\">\n                    <div class=\"prop_new_details_back\"><\/div>\n                    <div class=\"property_media\">\n        <i class=\"fas fa-camera\"><\/i> 4<\/div>                    <div class=\"featured_gradient\"><\/div>\n                <\/div>\n\n                <a href=\"https:\/\/laspeoniascasarural.es\/?estate_property=la-jara\" target=\"_self\"><img decoding=\"async\" src=\"https:\/\/laspeoniascasarural.es\/wp-content\/uploads\/2026\/03\/20240518_125513-3-500x540.jpg\" data-original=\"https:\/\/laspeoniascasarural.es\/wp-content\/uploads\/2026\/03\/20240518_125513-3-500x540.jpg\" class=\"lazyload img-responsive\" alt=\"\ud83c\udf3f La Jara \u2013 Apartamento para 2 personas\" \/><\/a><div class=\"tag-wrapper\">\n    <div class=\"status-wrapper\">\n    <\/div>\n<\/div>            <\/div>\n\n            <div class=\"property-unit-information-wrapper\">\n                <div class=\"wpresidence_card_composer_wrapper_align_left\"><h4>\n  <a href=\"https:\/\/laspeoniascasarural.es\/?estate_property=la-jara\" >\ud83c\udf3f La Jara \u2013 Apartamento para 2 personas<\/a>\n<\/h4><\/div>            <\/div>\n            <\/div>\n<\/div>\n<div class=\"col-lg-6 col-12 col-sm-6 col-md-6    listing_wrapper \"\n    data-org=\"6\"\n    data-main-modal=\"https:\/\/laspeoniascasarural.es\/wp-content\/uploads\/2026\/03\/IMG20220601125021-1-835x467.jpg\"\n    data-modal-title=\"\ud83c\udf3a El Brezo \u2013 Apartamento para 4 personas\"\n    data-modal-link=\"https:\/\/laspeoniascasarural.es\/?estate_property=el-brezo-apartamento-para-4-personas\"\n    data-listid=\"27471\">\n\n    <div class=\"property_listing property_card_default \"\n        data-link=\"\">\n\n                    <div class=\"listing-unit-img-wrapper\">\n                <div class=\"prop_new_details\">\n                    <div class=\"prop_new_details_back\"><\/div>\n                    <div class=\"property_media\">\n        <i class=\"fas fa-camera\"><\/i> 2<\/div>                    <div class=\"featured_gradient\"><\/div>\n                <\/div>\n\n                <a href=\"https:\/\/laspeoniascasarural.es\/?estate_property=el-brezo-apartamento-para-4-personas\" target=\"_self\"><img decoding=\"async\" src=\"https:\/\/laspeoniascasarural.es\/wp-content\/uploads\/2026\/03\/IMG20220601125021-1-500x540.jpg\" data-original=\"https:\/\/laspeoniascasarural.es\/wp-content\/uploads\/2026\/03\/IMG20220601125021-1-500x540.jpg\" class=\"lazyload img-responsive\" alt=\"\ud83c\udf3a El Brezo \u2013 Apartamento para 4 personas\" \/><\/a><div class=\"tag-wrapper\">\n    <div class=\"status-wrapper\">\n    <\/div>\n<\/div>            <\/div>\n\n            <div class=\"property-unit-information-wrapper\">\n                <div class=\"wpresidence_card_composer_wrapper_align_left\"><h4>\n  <a href=\"https:\/\/laspeoniascasarural.es\/?estate_property=el-brezo-apartamento-para-4-personas\" >\ud83c\udf3a El Brezo \u2013 Apartamento para 4 personas<\/a>\n<\/h4><\/div>            <\/div>\n            <\/div>\n<\/div>\n<div class=\"col-lg-6 col-12 col-sm-6 col-md-6    listing_wrapper \"\n    data-org=\"6\"\n    data-main-modal=\"https:\/\/laspeoniascasarural.es\/wp-content\/uploads\/2026\/03\/IMG_20190921_191447-1-835x467.jpg\"\n    data-modal-title=\"\ud83c\udf43 La Gayuba \u2013 Apartamento para 6 personas\"\n    data-modal-link=\"https:\/\/laspeoniascasarural.es\/?estate_property=%f0%9f%8d%83-la-gayuba-apartamento-para-6-personas\"\n    data-listid=\"27473\">\n\n    <div class=\"property_listing property_card_default \"\n        data-link=\"\">\n\n                    <div class=\"listing-unit-img-wrapper\">\n                <div class=\"prop_new_details\">\n                    <div class=\"prop_new_details_back\"><\/div>\n                    <div class=\"property_media\">\n        <i class=\"fas fa-camera\"><\/i> 2<\/div>                    <div class=\"featured_gradient\"><\/div>\n                <\/div>\n\n                <a href=\"https:\/\/laspeoniascasarural.es\/?estate_property=%f0%9f%8d%83-la-gayuba-apartamento-para-6-personas\" target=\"_self\"><img decoding=\"async\" src=\"https:\/\/laspeoniascasarural.es\/wp-content\/uploads\/2026\/03\/IMG_20190921_191447-1-500x540.jpg\" data-original=\"https:\/\/laspeoniascasarural.es\/wp-content\/uploads\/2026\/03\/IMG_20190921_191447-1-500x540.jpg\" class=\"lazyload img-responsive\" alt=\"\ud83c\udf43 La Gayuba \u2013 Apartamento para 6 personas\" \/><\/a><div class=\"tag-wrapper\">\n    <div class=\"status-wrapper\">\n    <\/div>\n<\/div>            <\/div>\n\n            <div class=\"property-unit-information-wrapper\">\n                <div class=\"wpresidence_card_composer_wrapper_align_left\"><h4>\n  <a href=\"https:\/\/laspeoniascasarural.es\/?estate_property=%f0%9f%8d%83-la-gayuba-apartamento-para-6-personas\" >\ud83c\udf43 La Gayuba \u2013 Apartamento para 6 personas<\/a>\n<\/h4><\/div>            <\/div>\n            <\/div>\n<\/div>\n<div class=\"col-lg-6 col-12 col-sm-6 col-md-6    listing_wrapper \"\n    data-org=\"6\"\n    data-main-modal=\"https:\/\/laspeoniascasarural.es\/wp-content\/uploads\/2026\/03\/20240606_112946-835x467.jpg\"\n    data-modal-title=\"\ud83c\udf38Las Peon\u00edas \u2013 Casa Rural para 10 personas\"\n    data-modal-link=\"https:\/\/laspeoniascasarural.es\/?estate_property=casa-rural-las-peonias-apartamento-para-10-personas\"\n    data-listid=\"27478\">\n\n    <div class=\"property_listing property_card_default \"\n        data-link=\"\">\n\n                    <div class=\"listing-unit-img-wrapper\">\n                <div class=\"prop_new_details\">\n                    <div class=\"prop_new_details_back\"><\/div>\n                    <div class=\"property_media\">\n        <i class=\"fas fa-camera\"><\/i> 2<\/div>                    <div class=\"featured_gradient\"><\/div>\n                <\/div>\n\n                <a href=\"https:\/\/laspeoniascasarural.es\/?estate_property=casa-rural-las-peonias-apartamento-para-10-personas\" target=\"_self\"><img decoding=\"async\" src=\"https:\/\/laspeoniascasarural.es\/wp-content\/uploads\/2026\/03\/20240606_112946-500x540.jpg\" data-original=\"https:\/\/laspeoniascasarural.es\/wp-content\/uploads\/2026\/03\/20240606_112946-500x540.jpg\" class=\"lazyload img-responsive\" alt=\"\ud83c\udf38Las Peon\u00edas \u2013 Casa Rural para 10 personas\" \/><\/a><div class=\"tag-wrapper\">\n    <div class=\"status-wrapper\">\n    <\/div>\n<\/div>            <\/div>\n\n            <div class=\"property-unit-information-wrapper\">\n                <div class=\"wpresidence_card_composer_wrapper_align_left\"><h4>\n  <a href=\"https:\/\/laspeoniascasarural.es\/?estate_property=casa-rural-las-peonias-apartamento-para-10-personas\" >\ud83c\udf38Las Peon\u00edas \u2013 Casa Rural para 10 personas<\/a>\n<\/h4><\/div>            <\/div>\n            <\/div>\n<\/div><\/div><div class=\"wpestate_listing_sh_loader\"><div class=\"new_prelader\"><\/div><\/div><div class=\"listinglink-wrapper_sh_listings exclude-rtl\"><span class=\"wpresidence_button wpestate_item_list_sh\">cargar m\u00e1s inmuebles<\/span><\/div><\/div>\t\t\t\t<\/div>\n\t\t\t\t<\/div>\n\t\t<div class=\"elementor-element elementor-element-64ab38f e-con-full e-flex e-con e-child\" data-id=\"64ab38f\" data-element_type=\"container\" data-e-type=\"container\">\n\t\t\t\t<div class=\"elementor-element elementor-element-adb0c1e elementor-widget elementor-widget-heading\" data-id=\"adb0c1e\" data-element_type=\"widget\" data-e-type=\"widget\" data-widget_type=\"heading.default\">\n\t\t\t\t\t<h2 class=\"elementor-heading-title elementor-size-default\">\u00a1Tu mascota es parte de la familia! \ud83d\udc3e<\/h2>\t\t\t\t<\/div>\n\t\t\t\t<div class=\"elementor-element elementor-element-509165c elementor-widget elementor-widget-text-editor\" data-id=\"509165c\" data-element_type=\"widget\" data-e-type=\"widget\" data-widget_type=\"text-editor.default\">\n\t\t\t\t\t\t\t\t\t<p style=\"text-align: center;\"><span style=\"font-size: 14pt;\">En nuestras casas rurales somos totalmente<b data-path-to-node=\"4\" data-index-in-node=\"32\"> Pet Friendly<\/b>. Sabemos que unas verdaderas vacaciones solo est\u00e1n completas si ellos tambi\u00e9n est\u00e1n presentes. Por eso, no solo aceptamos mascotas, sino que las recibimos con los brazos abiertos.<\/span><\/p>\t\t\t\t\t\t\t\t<\/div>\n\t\t\t\t<div class=\"elementor-element elementor-element-ba642f1 elementor-widget-divider--view-line elementor-widget elementor-widget-divider\" data-id=\"ba642f1\" data-element_type=\"widget\" data-e-type=\"widget\" data-widget_type=\"divider.default\">\n\t\t\t\t\t\t\t<div class=\"elementor-divider\">\n\t\t\t<span class=\"elementor-divider-separator\">\n\t\t\t\t\t\t<\/span>\n\t\t<\/div>\n\t\t\t\t\t\t<\/div>\n\t\t\t\t<\/div>\n\t\t\t\t\t<\/div>\n\t\t\t\t<\/div>\n\t\t\t\t<\/div>\n\t\t","protected":false},"excerpt":{"rendered":"<p>Casa rural Las Peon\u00edas Bienvenidos a Casa Rural Las Peon\u00edas, un refugio de tranquilidad en plena naturaleza donde el tiempo se detiene y cada detalle invita a descansar Apartamentos rurales 4 \ud83c\udf3f La Jara \u2013 Apartamento para 2 personas 2 \ud83c\udf3a El Brezo \u2013 Apartamento para 4 personas 2 \ud83c\udf43 La Gayuba \u2013 Apartamento para 6 personas 2 \ud83c\udf38Las Peon\u00edas \u2013 Casa Rural para &#8230;<\/p>\n","protected":false},"author":1,"featured_media":0,"parent":0,"menu_order":0,"comment_status":"closed","ping_status":"closed","template":"elementor_header_footer","meta":{"inline_featured_image":false,"_monsterinsights_skip_tracking":false,"_monsterinsights_sitenote_active":false,"_monsterinsights_sitenote_note":"","_monsterinsights_sitenote_category":0,"footnotes":""},"class_list":["post-18618","page","type-page","status-publish","hentry"],"aioseo_notices":[],"_links":{"self":[{"href":"https:\/\/laspeoniascasarural.es\/index.php?rest_route=\/wp\/v2\/pages\/18618","targetHints":{"allow":["GET"]}}],"collection":[{"href":"https:\/\/laspeoniascasarural.es\/index.php?rest_route=\/wp\/v2\/pages"}],"about":[{"href":"https:\/\/laspeoniascasarural.es\/index.php?rest_route=\/wp\/v2\/types\/page"}],"author":[{"embeddable":true,"href":"https:\/\/laspeoniascasarural.es\/index.php?rest_route=\/wp\/v2\/users\/1"}],"replies":[{"embeddable":true,"href":"https:\/\/laspeoniascasarural.es\/index.php?rest_route=%2Fwp%2Fv2%2Fcomments&post=18618"}],"version-history":[{"count":63,"href":"https:\/\/laspeoniascasarural.es\/index.php?rest_route=\/wp\/v2\/pages\/18618\/revisions"}],"predecessor-version":[{"id":27818,"href":"https:\/\/laspeoniascasarural.es\/index.php?rest_route=\/wp\/v2\/pages\/18618\/revisions\/27818"}],"wp:attachment":[{"href":"https:\/\/laspeoniascasarural.es\/index.php?rest_route=%2Fwp%2Fv2%2Fmedia&parent=18618"}],"curies":[{"name":"wp","href":"https:\/\/api.w.org\/{rel}","templated":true}]}}