{"id":27587,"date":"2026-03-11T11:32:57","date_gmt":"2026-03-11T10:32:57","guid":{"rendered":"https:\/\/laspeoniascasarural.es\/?page_id=27587"},"modified":"2026-04-09T12:01:06","modified_gmt":"2026-04-09T10:01:06","slug":"actividades","status":"publish","type":"page","link":"https:\/\/laspeoniascasarural.es\/?page_id=27587","title":{"rendered":"Actividades"},"content":{"rendered":"\t\t<div data-elementor-type=\"wp-page\" data-elementor-id=\"27587\" class=\"elementor elementor-27587\">\n\t\t\t\t<div class=\"elementor-element elementor-element-733a3bf0 e-flex e-con-boxed e-con e-parent\" data-id=\"733a3bf0\" data-element_type=\"container\" data-e-type=\"container\">\n\t\t\t\t\t<div class=\"e-con-inner\">\n\t\t\t\t<div class=\"elementor-element elementor-element-6e54a5b2 elementor-widget__width-initial elementor-widget elementor-widget-text-editor\" data-id=\"6e54a5b2\" data-element_type=\"widget\" data-e-type=\"widget\" data-widget_type=\"text-editor.default\">\n\t\t\t\t\t\t\t\t\t\n<p class=\"has-medium-font-size\">Casa Rural Las Peon\u00edas se encuentra en plena Sierra Norte de Guadalajara, un para\u00edso natural perfecto para desconectar del ritmo de la ciudad y disfrutar de la tranquilidad del campo.<\/p>\n\n<p class=\"has-medium-font-size\">A pocos minutos podr\u00e1s descubrir los famosos Pueblos de la Arquitectura Negra, conocidos por sus casas construidas con pizarra oscura que se integran de forma \u00fanica en el paisaje de monta\u00f1a. Pasear por sus calles es como viajar a otra \u00e9poca.<\/p>\n\n<p class=\"has-medium-font-size\">La zona ofrece muchas actividades para disfrutar durante todo el a\u00f1o:<\/p>\n\n<p class=\"has-medium-font-size\">\ud83c\udf3f Rutas de senderismo entre monta\u00f1as, bosques y r\u00edos<\/p>\n\n<p class=\"has-medium-font-size\">\ud83c\udfe1 Visitas a pueblos con encanto llenos de historia y tradici\u00f3n<\/p>\n\n<p class=\"has-medium-font-size\">\ud83c\udf44 Gastronom\u00eda local con productos de la tierra<\/p>\n\n<p class=\"has-medium-font-size\">\ud83d\udcf7 Paisajes espectaculares perfectos para fotograf\u00eda y naturaleza<\/p>\n\n<p class=\"has-medium-font-size\">Es un destino ideal para quienes buscan tranquilidad, naturaleza y autenticidad en una de las zonas rurales m\u00e1s bonitas de Castilla-La Mancha.<\/p>\n\t\t\t\t\t\t\t\t<\/div>\n\t\t\t\t\t<\/div>\n\t\t\t\t<\/div>\n\t\t<div class=\"elementor-element elementor-element-d9264f4 e-grid e-con-boxed e-con e-parent\" data-id=\"d9264f4\" data-element_type=\"container\" data-e-type=\"container\">\n\t\t\t\t\t<div class=\"e-con-inner\">\n\t\t\t\t<div class=\"elementor-element elementor-element-74189fa elementor-widget elementor-widget-image\" data-id=\"74189fa\" data-element_type=\"widget\" data-e-type=\"widget\" data-widget_type=\"image.default\">\n\t\t\t\t\t\t\t\t\t\t\t\t\t\t\t<img fetchpriority=\"high\" decoding=\"async\" width=\"1024\" height=\"768\" src=\"https:\/\/laspeoniascasarural.es\/wp-content\/uploads\/2026\/03\/IMG_20240715_125723-1024x768.jpg\" class=\"attachment-large size-large wp-image-27593\" alt=\"\" srcset=\"https:\/\/laspeoniascasarural.es\/wp-content\/uploads\/2026\/03\/IMG_20240715_125723-1024x768.jpg 1024w, https:\/\/laspeoniascasarural.es\/wp-content\/uploads\/2026\/03\/IMG_20240715_125723-300x225.jpg 300w, https:\/\/laspeoniascasarural.es\/wp-content\/uploads\/2026\/03\/IMG_20240715_125723-768x576.jpg 768w, https:\/\/laspeoniascasarural.es\/wp-content\/uploads\/2026\/03\/IMG_20240715_125723-1536x1152.jpg 1536w, https:\/\/laspeoniascasarural.es\/wp-content\/uploads\/2026\/03\/IMG_20240715_125723-2048x1536.jpg 2048w\" sizes=\"(max-width: 1024px) 100vw, 1024px\" \/>\t\t\t\t\t\t\t\t\t\t\t\t\t\t\t<\/div>\n\t\t\t\t<div class=\"elementor-element elementor-element-ad3ad11 elementor-widget elementor-widget-image\" data-id=\"ad3ad11\" data-element_type=\"widget\" data-e-type=\"widget\" data-widget_type=\"image.default\">\n\t\t\t\t\t\t\t\t\t\t\t\t\t\t\t<img decoding=\"async\" width=\"768\" height=\"1024\" src=\"https:\/\/laspeoniascasarural.es\/wp-content\/uploads\/2026\/03\/20240716_122307-768x1024.jpg\" class=\"attachment-large size-large wp-image-27594\" alt=\"\" srcset=\"https:\/\/laspeoniascasarural.es\/wp-content\/uploads\/2026\/03\/20240716_122307-768x1024.jpg 768w, https:\/\/laspeoniascasarural.es\/wp-content\/uploads\/2026\/03\/20240716_122307-225x300.jpg 225w, https:\/\/laspeoniascasarural.es\/wp-content\/uploads\/2026\/03\/20240716_122307-1152x1536.jpg 1152w, https:\/\/laspeoniascasarural.es\/wp-content\/uploads\/2026\/03\/20240716_122307-1536x2048.jpg 1536w, https:\/\/laspeoniascasarural.es\/wp-content\/uploads\/2026\/03\/20240716_122307-scaled.jpg 1920w\" sizes=\"(max-width: 768px) 100vw, 768px\" \/>\t\t\t\t\t\t\t\t\t\t\t\t\t\t\t<\/div>\n\t\t\t\t<div class=\"elementor-element elementor-element-e657f5b elementor-widget elementor-widget-image\" data-id=\"e657f5b\" data-element_type=\"widget\" data-e-type=\"widget\" data-widget_type=\"image.default\">\n\t\t\t\t\t\t\t\t\t\t\t\t\t\t\t<img decoding=\"async\" width=\"768\" height=\"1024\" src=\"https:\/\/laspeoniascasarural.es\/wp-content\/uploads\/2026\/03\/20240711_222338-768x1024.jpg\" class=\"attachment-large size-large wp-image-27588\" alt=\"\" srcset=\"https:\/\/laspeoniascasarural.es\/wp-content\/uploads\/2026\/03\/20240711_222338-768x1024.jpg 768w, https:\/\/laspeoniascasarural.es\/wp-content\/uploads\/2026\/03\/20240711_222338-225x300.jpg 225w, https:\/\/laspeoniascasarural.es\/wp-content\/uploads\/2026\/03\/20240711_222338-1152x1536.jpg 1152w, https:\/\/laspeoniascasarural.es\/wp-content\/uploads\/2026\/03\/20240711_222338-1536x2048.jpg 1536w, https:\/\/laspeoniascasarural.es\/wp-content\/uploads\/2026\/03\/20240711_222338-scaled.jpg 1920w\" sizes=\"(max-width: 768px) 100vw, 768px\" \/>\t\t\t\t\t\t\t\t\t\t\t\t\t\t\t<\/div>\n\t\t\t\t<div class=\"elementor-element elementor-element-eadeb27 elementor-widget elementor-widget-image\" data-id=\"eadeb27\" data-element_type=\"widget\" data-e-type=\"widget\" data-widget_type=\"image.default\">\n\t\t\t\t\t\t\t\t\t\t\t\t\t\t\t<img loading=\"lazy\" decoding=\"async\" width=\"768\" height=\"1024\" src=\"https:\/\/laspeoniascasarural.es\/wp-content\/uploads\/2026\/03\/IMG_2828-1-768x1024.jpg\" class=\"attachment-large size-large wp-image-27595\" alt=\"\" srcset=\"https:\/\/laspeoniascasarural.es\/wp-content\/uploads\/2026\/03\/IMG_2828-1-768x1024.jpg 768w, https:\/\/laspeoniascasarural.es\/wp-content\/uploads\/2026\/03\/IMG_2828-1-225x300.jpg 225w, https:\/\/laspeoniascasarural.es\/wp-content\/uploads\/2026\/03\/IMG_2828-1-1152x1536.jpg 1152w, https:\/\/laspeoniascasarural.es\/wp-content\/uploads\/2026\/03\/IMG_2828-1-1536x2048.jpg 1536w, https:\/\/laspeoniascasarural.es\/wp-content\/uploads\/2026\/03\/IMG_2828-1-scaled.jpg 1920w\" sizes=\"(max-width: 768px) 100vw, 768px\" \/>\t\t\t\t\t\t\t\t\t\t\t\t\t\t\t<\/div>\n\t\t\t\t<div class=\"elementor-element elementor-element-e37388f elementor-widget elementor-widget-image\" data-id=\"e37388f\" data-element_type=\"widget\" data-e-type=\"widget\" data-widget_type=\"image.default\">\n\t\t\t\t\t\t\t\t\t\t\t\t\t\t\t<img loading=\"lazy\" decoding=\"async\" width=\"768\" height=\"1024\" src=\"https:\/\/laspeoniascasarural.es\/wp-content\/uploads\/2026\/03\/IMG_5122-1-768x1024.jpg\" class=\"attachment-large size-large wp-image-27596\" alt=\"\" srcset=\"https:\/\/laspeoniascasarural.es\/wp-content\/uploads\/2026\/03\/IMG_5122-1-768x1024.jpg 768w, https:\/\/laspeoniascasarural.es\/wp-content\/uploads\/2026\/03\/IMG_5122-1-225x300.jpg 225w, https:\/\/laspeoniascasarural.es\/wp-content\/uploads\/2026\/03\/IMG_5122-1-1152x1536.jpg 1152w, https:\/\/laspeoniascasarural.es\/wp-content\/uploads\/2026\/03\/IMG_5122-1-1536x2048.jpg 1536w, https:\/\/laspeoniascasarural.es\/wp-content\/uploads\/2026\/03\/IMG_5122-1-scaled.jpg 1920w\" sizes=\"(max-width: 768px) 100vw, 768px\" \/>\t\t\t\t\t\t\t\t\t\t\t\t\t\t\t<\/div>\n\t\t\t\t<div class=\"elementor-element elementor-element-c216499 elementor-widget elementor-widget-image\" data-id=\"c216499\" data-element_type=\"widget\" data-e-type=\"widget\" data-widget_type=\"image.default\">\n\t\t\t\t\t\t\t\t\t\t\t\t\t\t\t<img loading=\"lazy\" decoding=\"async\" width=\"768\" height=\"1024\" src=\"https:\/\/laspeoniascasarural.es\/wp-content\/uploads\/2026\/03\/20240716_121843-768x1024.jpg\" class=\"attachment-large size-large wp-image-27591\" alt=\"\" srcset=\"https:\/\/laspeoniascasarural.es\/wp-content\/uploads\/2026\/03\/20240716_121843-768x1024.jpg 768w, https:\/\/laspeoniascasarural.es\/wp-content\/uploads\/2026\/03\/20240716_121843-225x300.jpg 225w, https:\/\/laspeoniascasarural.es\/wp-content\/uploads\/2026\/03\/20240716_121843-1152x1536.jpg 1152w, https:\/\/laspeoniascasarural.es\/wp-content\/uploads\/2026\/03\/20240716_121843-1536x2048.jpg 1536w, https:\/\/laspeoniascasarural.es\/wp-content\/uploads\/2026\/03\/20240716_121843-scaled.jpg 1920w\" sizes=\"(max-width: 768px) 100vw, 768px\" \/>\t\t\t\t\t\t\t\t\t\t\t\t\t\t\t<\/div>\n\t\t\t\t\t<\/div>\n\t\t\t\t<\/div>\n\t\t\t\t<\/div>\n\t\t","protected":false},"excerpt":{"rendered":"<p>Casa Rural Las Peon\u00edas se encuentra en plena Sierra Norte de Guadalajara, un para\u00edso natural perfecto para desconectar del ritmo de la ciudad y disfrutar de la tranquilidad del campo. A pocos minutos podr\u00e1s descubrir los famosos Pueblos de la Arquitectura Negra, conocidos por sus casas construidas con pizarra oscura que se integran de forma \u00fanica en el paisaje de monta\u00f1a. Pasear por sus &#8230;<\/p>\n","protected":false},"author":1,"featured_media":0,"parent":0,"menu_order":0,"comment_status":"closed","ping_status":"closed","template":"","meta":{"inline_featured_image":false,"_monsterinsights_skip_tracking":false,"_monsterinsights_sitenote_active":false,"_monsterinsights_sitenote_note":"","_monsterinsights_sitenote_category":0,"footnotes":""},"class_list":["post-27587","page","type-page","status-publish","hentry"],"aioseo_notices":[],"_links":{"self":[{"href":"https:\/\/laspeoniascasarural.es\/index.php?rest_route=\/wp\/v2\/pages\/27587","targetHints":{"allow":["GET"]}}],"collection":[{"href":"https:\/\/laspeoniascasarural.es\/index.php?rest_route=\/wp\/v2\/pages"}],"about":[{"href":"https:\/\/laspeoniascasarural.es\/index.php?rest_route=\/wp\/v2\/types\/page"}],"author":[{"embeddable":true,"href":"https:\/\/laspeoniascasarural.es\/index.php?rest_route=\/wp\/v2\/users\/1"}],"replies":[{"embeddable":true,"href":"https:\/\/laspeoniascasarural.es\/index.php?rest_route=%2Fwp%2Fv2%2Fcomments&post=27587"}],"version-history":[{"count":4,"href":"https:\/\/laspeoniascasarural.es\/index.php?rest_route=\/wp\/v2\/pages\/27587\/revisions"}],"predecessor-version":[{"id":27742,"href":"https:\/\/laspeoniascasarural.es\/index.php?rest_route=\/wp\/v2\/pages\/27587\/revisions\/27742"}],"wp:attachment":[{"href":"https:\/\/laspeoniascasarural.es\/index.php?rest_route=%2Fwp%2Fv2%2Fmedia&parent=27587"}],"curies":[{"name":"wp","href":"https:\/\/api.w.org\/{rel}","templated":true}]}}