{"id":27665,"date":"2026-03-27T09:49:15","date_gmt":"2026-03-27T08:49:15","guid":{"rendered":"https:\/\/laspeoniascasarural.es\/?page_id=27665"},"modified":"2026-04-09T12:04:13","modified_gmt":"2026-04-09T10:04:13","slug":"aviso-legal","status":"publish","type":"page","link":"https:\/\/laspeoniascasarural.es\/?page_id=27665","title":{"rendered":"Aviso Legal"},"content":{"rendered":"\n<p class=\"has-medium-font-size\"><strong>LEY DE LOS SERVICIOS DE LA SOCIEDAD DE LA INFORMACI\u00d3N (LSSI)<\/strong><\/p>\n\n\n\n<p><strong>Las Peonias Casa Rural<\/strong>, responsable del sitio web, en adelante RESPONSABLE, pone a disposici\u00f3n de los usuarios el presente documento, con el que pretende dar cumplimiento a las obligaciones dispuestas en la <strong>Ley 34\/2002, de 11 de julio, de Servicios de la Sociedad de la Informaci\u00f3n y de Comercio Electr\u00f3nico (LSSICE), BOE N\u00ba 166<\/strong>, as\u00ed como informar a todos los usuarios del sitio web respecto a cu\u00e1les son las condiciones de uso.<\/p>\n\n\n\n<p>Toda persona que acceda a este sitio web asume el papel de usuario, comprometi\u00e9ndose a la observancia y cumplimiento riguroso de las disposiciones aqu\u00ed dispuestas, as\u00ed como a cualquier otra disposici\u00f3n legal que fuera de aplicaci\u00f3n.<\/p>\n\n\n\n<p><strong>Las Peonias Casa Rural<\/strong> se reserva el derecho de modificar cualquier tipo de informaci\u00f3n que pudiera aparecer en el sitio web, sin que exista obligaci\u00f3n de preavisar o poner en conocimiento de los usuarios dichas modificaciones, entendi\u00e9ndose como suficiente la publicaci\u00f3n en el sitio web.<\/p>\n\n\n\n<hr class=\"wp-block-separator has-alpha-channel-opacity\"\/>\n\n\n\n<h3 class=\"wp-block-heading\">1. Datos identificativos<\/h3>\n\n\n\n<ul class=\"wp-block-list\">\n<li><strong>Nombre de dominio:<\/strong> <a href=\"https:\/\/laspeoniascasarural.es\/\">https:\/\/laspeoniascasarural.es\/<\/a><\/li>\n\n\n\n<li><strong>Denominaci\u00f3n social:<\/strong> Las Peonias Casa Rural<\/li>\n\n\n\n<li><strong>Domicilio social: <\/strong>Roblelacasa \u2013 Guadalajara<\/li>\n\n\n\n<li><strong>Tel\u00e9fono:<\/strong> 608 81 17 40<\/li>\n\n\n\n<li><strong>E-mail:<\/strong> <a>info@laspeonias.com<\/a><\/li>\n<\/ul>\n\n\n\n<hr class=\"wp-block-separator has-alpha-channel-opacity\"\/>\n\n\n\n<h3 class=\"wp-block-heading\">2. Derechos de propiedad intelectual e industrial<\/h3>\n\n\n\n<p>El sitio web, incluyendo a t\u00edtulo enunciativo pero no limitativo su programaci\u00f3n, edici\u00f3n, compilaci\u00f3n y dem\u00e1s elementos necesarios para su funcionamiento, los dise\u00f1os, logotipos, texto y\/o gr\u00e1ficos, son propiedad del RESPONSABLE o, si es el caso, dispone de licencia o autorizaci\u00f3n expresa por parte de los autores. Todos los contenidos del sitio web se encuentran debidamente protegidos por la normativa de propiedad intelectual e industrial.<\/p>\n\n\n\n<p>Independientemente de la finalidad para la que fueran destinados, la reproducci\u00f3n total o parcial, uso, explotaci\u00f3n, distribuci\u00f3n y comercializaci\u00f3n requiere en todo caso de la autorizaci\u00f3n escrita previa por parte del RESPONSABLE. Cualquier uso no autorizado previamente se considera un incumplimiento grave de los derechos de propiedad intelectual o industrial.<\/p>\n\n\n\n<p>Los dise\u00f1os, logotipos, texto y\/o gr\u00e1ficos ajenos al RESPONSABLE y que pudieran aparecer en el sitio web, pertenecen a sus respectivos propietarios, siendo ellos mismos responsables de cualquier posible controversia que pudiera suscitarse respecto a los mismos.<\/p>\n\n\n\n<p>El RESPONSABLE autoriza expresamente a que terceros puedan redirigir directamente a los contenidos concretos del sitio web, y en todo caso al sitio principal: <a href=\"https:\/\/laspeoniascasarural.es\/\">https:\/\/laspeoniascasarural.es\/<\/a>.<\/p>\n\n\n\n<p>El RESPONSABLE reconoce a favor de sus titulares los correspondientes derechos de propiedad intelectual e industrial, no implicando su sola menci\u00f3n o aparici\u00f3n en el sitio web la existencia de derechos o responsabilidad alguna sobre los mismos.<\/p>\n\n\n\n<p>Para observaciones sobre posibles incumplimientos de los derechos de propiedad intelectual o industrial, as\u00ed como sobre cualquiera de los contenidos del sitio web, puede hacerlo a trav\u00e9s del correo electr\u00f3nico: <a>info@laspeonias.com<\/a>.<\/p>\n\n\n\n<hr class=\"wp-block-separator has-alpha-channel-opacity\"\/>\n\n\n\n<h3 class=\"wp-block-heading\">3. Exenci\u00f3n de responsabilidades<\/h3>\n\n\n\n<p>El RESPONSABLE se exime de cualquier tipo de responsabilidad derivada de la informaci\u00f3n publicada en su sitio web siempre que esta informaci\u00f3n haya sido manipulada o introducida por un tercero ajeno al mismo.<\/p>\n\n\n\n<p><strong>Uso de cookies:<\/strong> Este sitio web puede utilizar cookies t\u00e9cnicas (peque\u00f1os archivos de informaci\u00f3n que el servidor env\u00eda al ordenador de quien accede a la p\u00e1gina) para llevar a cabo determinadas funciones imprescindibles para el correcto funcionamiento y visualizaci\u00f3n del sitio. Estas cookies tienen car\u00e1cter temporal y desaparecen al terminar la sesi\u00f3n del usuario. En ning\u00fan caso proporcionan por s\u00ed mismas datos personales.<\/p>\n\n\n\n<p>Mediante el uso de cookies el servidor puede reconocer el navegador utilizado y facilitar la navegaci\u00f3n (por ejemplo: recordar accesos previos a \u00e1reas privadas). Tambi\u00e9n pueden usarse para medir audiencia y tr\u00e1fico. En todo caso, este sitio web no instalar\u00e1 cookies prescindibles sin el consentimiento previo del usuario.<\/p>\n\n\n\n<p><strong>Pol\u00edtica de enlaces:<\/strong> Desde este sitio web es posible ser redirigido a contenidos de terceros. El RESPONSABLE no puede controlar siempre los contenidos introducidos en sitios externos, por lo que no asume responsabilidad sobre ellos. Proceder\u00e1 a retirar cualquier redirecci\u00f3n que contravenga la legislaci\u00f3n o el orden p\u00fablico.<\/p>\n\n\n\n<p>El RESPONSABLE no se hace responsable de la informaci\u00f3n y contenidos almacenados en foros, chats, redes sociales o cualquier otro medio que permita a terceros publicar contenidos de forma independiente en la p\u00e1gina web.<\/p>\n\n\n\n<p>Este sitio web ha sido revisado y probado para su correcto funcionamiento los 365 d\u00edas del a\u00f1o, 24 horas al d\u00eda. No obstante, el RESPONSABLE no descarta errores de programaci\u00f3n o causas de fuerza mayor que hagan imposible el acceso a la web.<\/p>\n\n\n\n<p><strong>Direcciones IP:<\/strong> Los servidores del sitio web podr\u00e1n detectar de manera autom\u00e1tica la direcci\u00f3n IP y el nombre de dominio utilizados por el usuario. Esta informaci\u00f3n se registra en un fichero de actividad del servidor con fines estad\u00edsticos.<\/p>\n\n\n\n<hr class=\"wp-block-separator has-alpha-channel-opacity\"\/>\n\n\n\n<h3 class=\"wp-block-heading\">4. Ley aplicable y jurisdicci\u00f3n<\/h3>\n\n\n\n<p>Para la resoluci\u00f3n de todas las controversias relacionadas con este sitio web o las actividades en \u00e9l desarrolladas ser\u00e1 de aplicaci\u00f3n la legislaci\u00f3n espa\u00f1ola, a la que se someten expresamente las partes.<\/p>\n\n\n\n<p>Los Juzgados y Tribunales competentes ser\u00e1n los m\u00e1s cercanos a Guadalajara.<\/p>\n","protected":false},"excerpt":{"rendered":"<p>LEY DE LOS SERVICIOS DE LA SOCIEDAD DE LA INFORMACI\u00d3N (LSSI) Las Peonias Casa Rural, responsable del sitio web, en adelante RESPONSABLE, pone a disposici\u00f3n de los usuarios el presente documento, con el que pretende dar cumplimiento a las obligaciones dispuestas en la Ley 34\/2002, de 11 de julio, de Servicios de la Sociedad de la Informaci\u00f3n y de Comercio Electr\u00f3nico (LSSICE), BOE N\u00ba &#8230;<\/p>\n","protected":false},"author":1,"featured_media":0,"parent":0,"menu_order":0,"comment_status":"closed","ping_status":"closed","template":"","meta":{"inline_featured_image":false,"_monsterinsights_skip_tracking":false,"_monsterinsights_sitenote_active":false,"_monsterinsights_sitenote_note":"","_monsterinsights_sitenote_category":0,"footnotes":""},"class_list":["post-27665","page","type-page","status-publish","hentry"],"aioseo_notices":[],"_links":{"self":[{"href":"https:\/\/laspeoniascasarural.es\/index.php?rest_route=\/wp\/v2\/pages\/27665","targetHints":{"allow":["GET"]}}],"collection":[{"href":"https:\/\/laspeoniascasarural.es\/index.php?rest_route=\/wp\/v2\/pages"}],"about":[{"href":"https:\/\/laspeoniascasarural.es\/index.php?rest_route=\/wp\/v2\/types\/page"}],"author":[{"embeddable":true,"href":"https:\/\/laspeoniascasarural.es\/index.php?rest_route=\/wp\/v2\/users\/1"}],"replies":[{"embeddable":true,"href":"https:\/\/laspeoniascasarural.es\/index.php?rest_route=%2Fwp%2Fv2%2Fcomments&post=27665"}],"version-history":[{"count":2,"href":"https:\/\/laspeoniascasarural.es\/index.php?rest_route=\/wp\/v2\/pages\/27665\/revisions"}],"predecessor-version":[{"id":27667,"href":"https:\/\/laspeoniascasarural.es\/index.php?rest_route=\/wp\/v2\/pages\/27665\/revisions\/27667"}],"wp:attachment":[{"href":"https:\/\/laspeoniascasarural.es\/index.php?rest_route=%2Fwp%2Fv2%2Fmedia&parent=27665"}],"curies":[{"name":"wp","href":"https:\/\/api.w.org\/{rel}","templated":true}]}}