{"id":27756,"date":"2026-04-13T12:37:30","date_gmt":"2026-04-13T10:37:30","guid":{"rendered":"https:\/\/laspeoniascasarural.es\/?page_id=27756"},"modified":"2026-04-15T11:42:21","modified_gmt":"2026-04-15T09:42:21","slug":"el-entorno","status":"publish","type":"page","link":"https:\/\/laspeoniascasarural.es\/?page_id=27756","title":{"rendered":"El Entorno"},"content":{"rendered":"\t\t<div data-elementor-type=\"wp-page\" data-elementor-id=\"27756\" class=\"elementor elementor-27756\">\n\t\t\t\t<div class=\"elementor-element elementor-element-1ce610a0 e-flex e-con-boxed e-con e-parent\" data-id=\"1ce610a0\" data-element_type=\"container\" data-e-type=\"container\">\n\t\t\t\t\t<div class=\"e-con-inner\">\n\t\t\t\t<div class=\"elementor-element elementor-element-e734ee3 elementor-widget elementor-widget-text-editor\" data-id=\"e734ee3\" data-element_type=\"widget\" data-e-type=\"widget\" data-widget_type=\"text-editor.default\">\n\t\t\t\t\t\t\t\t\t<p><span style=\"font-size: 14pt;\">Las Peon\u00edas se encuentra en la Sierra Norte de Guadalajara, una de las zonas naturales mas bonitas y mejor conservadas de Castilla La Mancha. <\/span><\/p>\n<p><span style=\"font-size: 14pt;\">A pocos minutos podr\u00e1s visitar los emblem\u00e1ticos pueblos de la Arquitectura Negra, conocidos por sus casas constru\u00eddas con pizarra oscura que se integra de forma \u00fanica en el paisaje.<\/span><\/p>\n<p><span style=\"font-size: 14pt;\"> En la zona podr\u00e1s disfrutar de:<\/span><\/p>\n<p><span style=\"font-size: 14pt;\"> &#8211; Rutas de senderismo entre monta\u00f1as y bosques de enebros y encinas.<\/span><\/p>\n<p><span style=\"font-size: 14pt;\"> &#8211; Pueblos con encanto llenos de historia.<\/span><\/p>\n<p><span style=\"font-size: 14pt;\">&#8211; Gastronom\u00eda tradicional de la sierra.<\/span><\/p>\n<p><span style=\"font-size: 14pt;\">&#8211; Paisajes espectaculares y naturaleza en estado puro. <\/span><\/p>\n<p><span style=\"font-size: 14pt;\">&#8211; Cielos estrellados sin contaminaci\u00f3n l\u00faminica perfectos para los amantes de las estrellas. <\/span><\/p>\n<p><span style=\"font-size: 14pt;\">&#8211; Rutas en pirag\u00fca y r\u00edos maravillosos para refrescarse.<\/span><\/p>\t\t\t\t\t\t\t\t<\/div>\n\t\t\t\t\t<\/div>\n\t\t\t\t<\/div>\n\t\t<div class=\"elementor-element elementor-element-9e756ad e-flex e-con-boxed e-con e-parent\" data-id=\"9e756ad\" data-element_type=\"container\" data-e-type=\"container\">\n\t\t\t\t\t<div class=\"e-con-inner\">\n\t\t<div class=\"elementor-element elementor-element-af8cda4 e-con-full e-flex e-con e-child\" data-id=\"af8cda4\" data-element_type=\"container\" data-e-type=\"container\">\n\t\t\t\t<div class=\"elementor-element elementor-element-4800a44 elementor-widget elementor-widget-image\" data-id=\"4800a44\" data-element_type=\"widget\" data-e-type=\"widget\" data-widget_type=\"image.default\">\n\t\t\t\t\t\t\t\t\t\t\t\t\t\t\t<img fetchpriority=\"high\" decoding=\"async\" width=\"1024\" height=\"768\" src=\"https:\/\/laspeoniascasarural.es\/wp-content\/uploads\/2026\/04\/Picsart_24-11-03_11-32-36-628-1024x768.jpg\" class=\"attachment-large size-large wp-image-27787\" alt=\"\" srcset=\"https:\/\/laspeoniascasarural.es\/wp-content\/uploads\/2026\/04\/Picsart_24-11-03_11-32-36-628-1024x768.jpg 1024w, https:\/\/laspeoniascasarural.es\/wp-content\/uploads\/2026\/04\/Picsart_24-11-03_11-32-36-628-300x225.jpg 300w, https:\/\/laspeoniascasarural.es\/wp-content\/uploads\/2026\/04\/Picsart_24-11-03_11-32-36-628-768x576.jpg 768w, https:\/\/laspeoniascasarural.es\/wp-content\/uploads\/2026\/04\/Picsart_24-11-03_11-32-36-628-1536x1152.jpg 1536w, https:\/\/laspeoniascasarural.es\/wp-content\/uploads\/2026\/04\/Picsart_24-11-03_11-32-36-628.jpg 1600w\" sizes=\"(max-width: 1024px) 100vw, 1024px\" \/>\t\t\t\t\t\t\t\t\t\t\t\t\t\t\t<\/div>\n\t\t\t\t<\/div>\n\t\t<div class=\"elementor-element elementor-element-248a225 e-con-full e-flex e-con e-child\" data-id=\"248a225\" data-element_type=\"container\" data-e-type=\"container\">\n\t\t\t\t<div class=\"elementor-element elementor-element-e8b3fc8 elementor-widget elementor-widget-image\" data-id=\"e8b3fc8\" data-element_type=\"widget\" data-e-type=\"widget\" data-widget_type=\"image.default\">\n\t\t\t\t\t\t\t\t\t\t\t\t\t\t\t<img decoding=\"async\" width=\"1024\" height=\"683\" src=\"https:\/\/laspeoniascasarural.es\/wp-content\/uploads\/2026\/04\/Picsart_24-07-15_20-30-04-906-1024x683.jpg\" class=\"attachment-large size-large wp-image-27786\" alt=\"\" srcset=\"https:\/\/laspeoniascasarural.es\/wp-content\/uploads\/2026\/04\/Picsart_24-07-15_20-30-04-906-1024x683.jpg 1024w, https:\/\/laspeoniascasarural.es\/wp-content\/uploads\/2026\/04\/Picsart_24-07-15_20-30-04-906-300x200.jpg 300w, https:\/\/laspeoniascasarural.es\/wp-content\/uploads\/2026\/04\/Picsart_24-07-15_20-30-04-906-768x512.jpg 768w, https:\/\/laspeoniascasarural.es\/wp-content\/uploads\/2026\/04\/Picsart_24-07-15_20-30-04-906-1536x1024.jpg 1536w, https:\/\/laspeoniascasarural.es\/wp-content\/uploads\/2026\/04\/Picsart_24-07-15_20-30-04-906-2048x1365.jpg 2048w, https:\/\/laspeoniascasarural.es\/wp-content\/uploads\/2026\/04\/Picsart_24-07-15_20-30-04-906-105x70.jpg 105w\" sizes=\"(max-width: 1024px) 100vw, 1024px\" \/>\t\t\t\t\t\t\t\t\t\t\t\t\t\t\t<\/div>\n\t\t\t\t<\/div>\n\t\t<div class=\"elementor-element elementor-element-240dc36 e-con-full e-flex e-con e-child\" data-id=\"240dc36\" data-element_type=\"container\" data-e-type=\"container\">\n\t\t\t\t<div class=\"elementor-element elementor-element-34142ac elementor-widget elementor-widget-image\" data-id=\"34142ac\" data-element_type=\"widget\" data-e-type=\"widget\" data-widget_type=\"image.default\">\n\t\t\t\t\t\t\t\t\t\t\t\t\t\t\t<img decoding=\"async\" width=\"1024\" height=\"1024\" src=\"https:\/\/laspeoniascasarural.es\/wp-content\/uploads\/2026\/03\/IMG_20220627_184215_456-1024x1024.png\" class=\"attachment-large size-large wp-image-27570\" alt=\"\" srcset=\"https:\/\/laspeoniascasarural.es\/wp-content\/uploads\/2026\/03\/IMG_20220627_184215_456-1024x1024.png 1024w, https:\/\/laspeoniascasarural.es\/wp-content\/uploads\/2026\/03\/IMG_20220627_184215_456-300x300.png 300w, https:\/\/laspeoniascasarural.es\/wp-content\/uploads\/2026\/03\/IMG_20220627_184215_456-150x150.png 150w, https:\/\/laspeoniascasarural.es\/wp-content\/uploads\/2026\/03\/IMG_20220627_184215_456-768x768.png 768w, https:\/\/laspeoniascasarural.es\/wp-content\/uploads\/2026\/03\/IMG_20220627_184215_456-45x45.png 45w, https:\/\/laspeoniascasarural.es\/wp-content\/uploads\/2026\/03\/IMG_20220627_184215_456-36x36.png 36w, https:\/\/laspeoniascasarural.es\/wp-content\/uploads\/2026\/03\/IMG_20220627_184215_456.png 1440w\" sizes=\"(max-width: 1024px) 100vw, 1024px\" \/>\t\t\t\t\t\t\t\t\t\t\t\t\t\t\t<\/div>\n\t\t\t\t<\/div>\n\t\t<div class=\"elementor-element elementor-element-a7614d5 e-con-full e-flex e-con e-child\" data-id=\"a7614d5\" data-element_type=\"container\" data-e-type=\"container\">\n\t\t\t\t<div class=\"elementor-element elementor-element-4493743 elementor-widget elementor-widget-image\" data-id=\"4493743\" data-element_type=\"widget\" data-e-type=\"widget\" data-widget_type=\"image.default\">\n\t\t\t\t\t\t\t\t\t\t\t\t\t\t\t<img loading=\"lazy\" decoding=\"async\" width=\"1024\" height=\"577\" src=\"https:\/\/laspeoniascasarural.es\/wp-content\/uploads\/2026\/03\/20210528_135604-1024x577.jpg\" class=\"attachment-large size-large wp-image-27590\" alt=\"\" srcset=\"https:\/\/laspeoniascasarural.es\/wp-content\/uploads\/2026\/03\/20210528_135604-1024x577.jpg 1024w, https:\/\/laspeoniascasarural.es\/wp-content\/uploads\/2026\/03\/20210528_135604-300x169.jpg 300w, https:\/\/laspeoniascasarural.es\/wp-content\/uploads\/2026\/03\/20210528_135604-768x432.jpg 768w, https:\/\/laspeoniascasarural.es\/wp-content\/uploads\/2026\/03\/20210528_135604-1536x865.jpg 1536w, https:\/\/laspeoniascasarural.es\/wp-content\/uploads\/2026\/03\/20210528_135604-2048x1153.jpg 2048w, https:\/\/laspeoniascasarural.es\/wp-content\/uploads\/2026\/03\/20210528_135604-255x143.jpg 255w\" sizes=\"(max-width: 1024px) 100vw, 1024px\" \/>\t\t\t\t\t\t\t\t\t\t\t\t\t\t\t<\/div>\n\t\t\t\t<\/div>\n\t\t\t\t\t<\/div>\n\t\t\t\t<\/div>\n\t\t\t\t<\/div>\n\t\t","protected":false},"excerpt":{"rendered":"<p>Las Peon\u00edas se encuentra en la Sierra Norte de Guadalajara, una de las zonas naturales mas bonitas y mejor conservadas de Castilla La Mancha. A pocos minutos podr\u00e1s visitar los emblem\u00e1ticos pueblos de la Arquitectura Negra, conocidos por sus casas constru\u00eddas con pizarra oscura que se integra de forma \u00fanica en el paisaje. En la zona podr\u00e1s disfrutar de: &#8211; Rutas de senderismo entre &#8230;<\/p>\n","protected":false},"author":1,"featured_media":0,"parent":0,"menu_order":0,"comment_status":"closed","ping_status":"closed","template":"","meta":{"inline_featured_image":false,"_monsterinsights_skip_tracking":false,"_monsterinsights_sitenote_active":false,"_monsterinsights_sitenote_note":"","_monsterinsights_sitenote_category":0,"footnotes":""},"class_list":["post-27756","page","type-page","status-publish","hentry"],"aioseo_notices":[],"_links":{"self":[{"href":"https:\/\/laspeoniascasarural.es\/index.php?rest_route=\/wp\/v2\/pages\/27756","targetHints":{"allow":["GET"]}}],"collection":[{"href":"https:\/\/laspeoniascasarural.es\/index.php?rest_route=\/wp\/v2\/pages"}],"about":[{"href":"https:\/\/laspeoniascasarural.es\/index.php?rest_route=\/wp\/v2\/types\/page"}],"author":[{"embeddable":true,"href":"https:\/\/laspeoniascasarural.es\/index.php?rest_route=\/wp\/v2\/users\/1"}],"replies":[{"embeddable":true,"href":"https:\/\/laspeoniascasarural.es\/index.php?rest_route=%2Fwp%2Fv2%2Fcomments&post=27756"}],"version-history":[{"count":10,"href":"https:\/\/laspeoniascasarural.es\/index.php?rest_route=\/wp\/v2\/pages\/27756\/revisions"}],"predecessor-version":[{"id":27797,"href":"https:\/\/laspeoniascasarural.es\/index.php?rest_route=\/wp\/v2\/pages\/27756\/revisions\/27797"}],"wp:attachment":[{"href":"https:\/\/laspeoniascasarural.es\/index.php?rest_route=%2Fwp%2Fv2%2Fmedia&parent=27756"}],"curies":[{"name":"wp","href":"https:\/\/api.w.org\/{rel}","templated":true}]}}